{"id":544,"date":"2022-04-07T16:30:07","date_gmt":"2022-04-07T20:30:07","guid":{"rendered":"https:\/\/togetherottawaensemble.ca\/disclaimer\/"},"modified":"2022-04-13T11:44:48","modified_gmt":"2022-04-13T15:44:48","slug":"avis-de-non-responsabilite","status":"publish","type":"page","link":"https:\/\/togetherottawaensemble.ca\/fr\/avis-de-non-responsabilite\/","title":{"rendered":"Avis de non-responsabilit\u00e9"},"content":{"rendered":"<p><div class=\"fusion-fullwidth fullwidth-box fusion-builder-row-1 fusion-flex-container nonhundred-percent-fullwidth non-hundred-percent-height-scrolling\" style=\"background-color: var(--awb-custom_color_1);background-image:linear-gradient(259deg, rgba(0,0,0,0.34) 33%,rgba(255,255,255,0) 66%);background-position: center top;background-repeat: no-repeat;border-width: 0px 0px 0px 0px;border-color:var(--awb-color3);border-style:solid;\" ><div class=\"fusion-builder-row fusion-row fusion-flex-align-items-flex-end fusion-flex-justify-content-center\" style=\"max-width:1248px;margin-left: calc(-4% \/ 2 );margin-right: calc(-4% \/ 2 );\"><div class=\"fusion-layout-column fusion_builder_column fusion-builder-column-0 fusion_builder_column_1_1 1_1 fusion-flex-column\"><div class=\"fusion-column-wrapper fusion-flex-justify-content-flex-end fusion-content-layout-column\" style=\"background-position:left top;background-repeat:no-repeat;-webkit-background-size:cover;-moz-background-size:cover;-o-background-size:cover;background-size:cover;padding: 0px 0px 0px 0px;\"><style type=\"text\/css\">@media only screen and (max-width:1024px) {.fusion-title.fusion-title-1{margin-top:10px!important; margin-right:0px!important;margin-bottom:15px!important;margin-left:0px!important;}}@media only screen and (max-width:640px) {.fusion-title.fusion-title-1{margin-top:10px!important; margin-right:0px!important;margin-bottom:10px!important; margin-left:0px!important;}}<\/style><div class=\"fusion-title title fusion-title-1 fusion-sep-none fusion-title-text fusion-title-size-one fusion-animated\" style=\"margin-top:10px;margin-right:0px;margin-bottom:15px;margin-left:0px;\" data-animationType=\"fadeIn\" data-animationDuration=\"0.3\" data-animationOffset=\"top-into-view\"><h1 class=\"title-heading-left\" style=\"margin:0;color:var(--awb-color1);\">Avis de non-responsabilit\u00e9<\/h1><\/div><\/div><style type=\"text\/css\">.fusion-body .fusion-builder-column-0{width:100% !important;margin-top : 0px;margin-bottom : 20px;}.fusion-builder-column-0 > .fusion-column-wrapper {padding-top : 0px !important;padding-right : 0px !important;margin-right : 1.92%;padding-bottom : 0px !important;padding-left : 0px !important;margin-left : 1.92%;}@media only screen and (max-width:1024px) {.fusion-body .fusion-builder-column-0{width:100% !important;order : 0;}.fusion-builder-column-0 > .fusion-column-wrapper {margin-right : 1.92%;margin-left : 1.92%;}}@media only screen and (max-width:640px) {.fusion-body .fusion-builder-column-0{width:100% !important;order : 0;}.fusion-builder-column-0 > .fusion-column-wrapper {margin-right : 1.92%;margin-left : 1.92%;}}<\/style><\/div><\/div><style type=\"text\/css\">.fusion-body .fusion-flex-container.fusion-builder-row-1{ padding-top : 20px;margin-top : 0;padding-right : 0px;padding-bottom : 0px;margin-bottom : 60px;padding-left : 0px;}<\/style><\/div>\n<div class=\"fusion-fullwidth fullwidth-box fusion-builder-row-2 fusion-flex-container nonhundred-percent-fullwidth non-hundred-percent-height-scrolling\" style=\"background-color: rgba(255,255,255,0);background-position: center center;background-repeat: no-repeat;border-width: 0px 0px 0px 0px;border-color:var(--awb-color3);border-style:solid;\" ><div class=\"fusion-builder-row fusion-row fusion-flex-align-items-flex-start\" style=\"max-width:1248px;margin-left: calc(-4% \/ 2 );margin-right: calc(-4% \/ 2 );\"><div class=\"fusion-layout-column fusion_builder_column fusion-builder-column-1 fusion_builder_column_1_1 1_1 fusion-flex-column\"><div class=\"fusion-column-wrapper fusion-flex-justify-content-flex-start fusion-content-layout-column\" style=\"background-position:left top;background-repeat:no-repeat;-webkit-background-size:cover;-moz-background-size:cover;-o-background-size:cover;background-size:cover;padding: 0px 0px 0px 0px;\"><div class=\"fusion-text fusion-text-1\" style=\"text-transform:none;\"><p>Nous reconnaissons que nous sommes situ\u00e9s sur le territoire non c\u00e9d\u00e9 et non restitu\u00e9 de la Nation algonquine Anishinaabe. Nous travaillons ici et nous rendons hommage aux a\u00een\u00e9s autochtones, pass\u00e9s, pr\u00e9sents et \u00e9mergents.<\/p>\n<p>Les \u00e9v\u00e9nements hors du contr\u00f4le de TOE, qui ne sont pas raisonnablement pr\u00e9visibles, sont consid\u00e9r\u00e9s comme des cas de force majeure, ce qui signifie que TOE est lib\u00e9r\u00e9 de ses obligations d\u2019ex\u00e9cution des accords contractuels. Des exemples de tels \u00e9v\u00e9nements sont l\u2019action ou l\u2019omission d\u2019un gouvernement, une l\u00e9gislation nouvelle ou modifi\u00e9e, un conflit, un embargo, un incendie ou une inondation, un sabotage, un accident, une guerre, des catastrophes naturelles, des gr\u00e8ves ou un manque de livraison de la part des fournisseurs. La force majeure comprend \u00e9galement les d\u00e9cisions gouvernementales qui affectent n\u00e9gativement le march\u00e9 et les produits, par exemple, les restrictions, les avertissements, l\u2019interdiction, etc.<\/p>\n<\/div><\/div><style type=\"text\/css\">.fusion-body .fusion-builder-column-1{width:100% !important;margin-top : 0px;margin-bottom : 20px;}.fusion-builder-column-1 > .fusion-column-wrapper {padding-top : 0px !important;padding-right : 0px !important;margin-right : 1.92%;padding-bottom : 0px !important;padding-left : 0px !important;margin-left : 1.92%;}@media only screen and (max-width:1024px) {.fusion-body .fusion-builder-column-1{width:100% !important;order : 0;}.fusion-builder-column-1 > .fusion-column-wrapper {margin-right : 1.92%;margin-left : 1.92%;}}@media only screen and (max-width:640px) {.fusion-body .fusion-builder-column-1{width:100% !important;order : 0;}.fusion-builder-column-1 > .fusion-column-wrapper {margin-right : 1.92%;margin-left : 1.92%;}}<\/style><\/div><\/div><style type=\"text\/css\">.fusion-body .fusion-flex-container.fusion-builder-row-2{ padding-top : 0px;margin-top : 0px;padding-right : 0px;padding-bottom : 0px;margin-bottom : 0px;padding-left : 0px;}<\/style><\/div><\/p>\n","protected":false},"excerpt":{"rendered":"","protected":false},"author":2,"featured_media":0,"parent":0,"menu_order":0,"comment_status":"closed","ping_status":"closed","template":"100-width.php","meta":{"footnotes":""},"class_list":["post-544","page","type-page","status-publish","hentry"],"acf":[],"yoast_head":"<!-- This site is optimized with the Yoast SEO plugin v27.4 - https:\/\/yoast.com\/product\/yoast-seo-wordpress\/ -->\n<title>Avis de non-responsabilit\u00e9 - Together Ottawa Ensemble<\/title>\n<meta name=\"robots\" content=\"index, follow, max-snippet:-1, max-image-preview:large, max-video-preview:-1\" \/>\n<link rel=\"canonical\" href=\"https:\/\/togetherottawaensemble.ca\/fr\/avis-de-non-responsabilite\/\" \/>\n<meta property=\"og:locale\" content=\"fr_FR\" \/>\n<meta property=\"og:type\" content=\"article\" \/>\n<meta property=\"og:title\" content=\"Avis de non-responsabilit\u00e9 - Together Ottawa Ensemble\" \/>\n<meta property=\"og:url\" content=\"https:\/\/togetherottawaensemble.ca\/fr\/avis-de-non-responsabilite\/\" \/>\n<meta property=\"og:site_name\" content=\"Together Ottawa Ensemble\" \/>\n<meta property=\"article:publisher\" content=\"https:\/\/www.facebook.com\/Togetherottawaensemble-106424122008194\" \/>\n<meta property=\"article:modified_time\" content=\"2022-04-13T15:44:48+00:00\" \/>\n<meta name=\"twitter:card\" content=\"summary_large_image\" \/>\n<meta name=\"twitter:site\" content=\"@OttawaEnsemble\" \/>\n<meta name=\"twitter:label1\" content=\"Dur\u00e9e de lecture estim\u00e9e\" \/>\n\t<meta name=\"twitter:data1\" content=\"4 minutes\" \/>\n<script type=\"application\/ld+json\" class=\"yoast-schema-graph\">{\"@context\":\"https:\\\/\\\/schema.org\",\"@graph\":[{\"@type\":\"WebPage\",\"@id\":\"https:\\\/\\\/togetherottawaensemble.ca\\\/fr\\\/avis-de-non-responsabilite\\\/\",\"url\":\"https:\\\/\\\/togetherottawaensemble.ca\\\/fr\\\/avis-de-non-responsabilite\\\/\",\"name\":\"Avis de non-responsabilit\u00e9 - Together Ottawa Ensemble\",\"isPartOf\":{\"@id\":\"https:\\\/\\\/togetherottawaensemble.ca\\\/fr\\\/#website\"},\"datePublished\":\"2022-04-07T20:30:07+00:00\",\"dateModified\":\"2022-04-13T15:44:48+00:00\",\"breadcrumb\":{\"@id\":\"https:\\\/\\\/togetherottawaensemble.ca\\\/fr\\\/avis-de-non-responsabilite\\\/#breadcrumb\"},\"inLanguage\":\"fr-FR\",\"potentialAction\":[{\"@type\":\"ReadAction\",\"target\":[\"https:\\\/\\\/togetherottawaensemble.ca\\\/fr\\\/avis-de-non-responsabilite\\\/\"]}]},{\"@type\":\"BreadcrumbList\",\"@id\":\"https:\\\/\\\/togetherottawaensemble.ca\\\/fr\\\/avis-de-non-responsabilite\\\/#breadcrumb\",\"itemListElement\":[{\"@type\":\"ListItem\",\"position\":1,\"name\":\"Home\",\"item\":\"https:\\\/\\\/togetherottawaensemble.ca\\\/fr\\\/\"},{\"@type\":\"ListItem\",\"position\":2,\"name\":\"Avis de non-responsabilit\u00e9\"}]},{\"@type\":\"WebSite\",\"@id\":\"https:\\\/\\\/togetherottawaensemble.ca\\\/fr\\\/#website\",\"url\":\"https:\\\/\\\/togetherottawaensemble.ca\\\/fr\\\/\",\"name\":\"Together Ottawa Ensemble\",\"description\":\"R\u00e9tablir nos liens communautaires\",\"publisher\":{\"@id\":\"https:\\\/\\\/togetherottawaensemble.ca\\\/fr\\\/#organization\"},\"potentialAction\":[{\"@type\":\"SearchAction\",\"target\":{\"@type\":\"EntryPoint\",\"urlTemplate\":\"https:\\\/\\\/togetherottawaensemble.ca\\\/fr\\\/?s={search_term_string}\"},\"query-input\":{\"@type\":\"PropertyValueSpecification\",\"valueRequired\":true,\"valueName\":\"search_term_string\"}}],\"inLanguage\":\"fr-FR\"},{\"@type\":\"Organization\",\"@id\":\"https:\\\/\\\/togetherottawaensemble.ca\\\/fr\\\/#organization\",\"name\":\"Together Ottawa Ensemble\",\"url\":\"https:\\\/\\\/togetherottawaensemble.ca\\\/fr\\\/\",\"logo\":{\"@type\":\"ImageObject\",\"inLanguage\":\"fr-FR\",\"@id\":\"https:\\\/\\\/togetherottawaensemble.ca\\\/fr\\\/#\\\/schema\\\/logo\\\/image\\\/\",\"url\":\"https:\\\/\\\/togetherottawaensemble.ca\\\/wp-content\\\/uploads\\\/2022\\\/04\\\/Logo_TogetherOttawaEnsemble_RGB.jpg\",\"contentUrl\":\"https:\\\/\\\/togetherottawaensemble.ca\\\/wp-content\\\/uploads\\\/2022\\\/04\\\/Logo_TogetherOttawaEnsemble_RGB.jpg\",\"width\":400,\"height\":200,\"caption\":\"Together Ottawa Ensemble\"},\"image\":{\"@id\":\"https:\\\/\\\/togetherottawaensemble.ca\\\/fr\\\/#\\\/schema\\\/logo\\\/image\\\/\"},\"sameAs\":[\"https:\\\/\\\/www.facebook.com\\\/Togetherottawaensemble-106424122008194\",\"https:\\\/\\\/x.com\\\/OttawaEnsemble\",\"https:\\\/\\\/www.instagram.com\\\/togetherottawaensemble\\\/\"]}]}<\/script>\n<!-- \/ Yoast SEO plugin. -->","yoast_head_json":{"title":"Avis de non-responsabilit\u00e9 - Together Ottawa Ensemble","robots":{"index":"index","follow":"follow","max-snippet":"max-snippet:-1","max-image-preview":"max-image-preview:large","max-video-preview":"max-video-preview:-1"},"canonical":"https:\/\/togetherottawaensemble.ca\/fr\/avis-de-non-responsabilite\/","og_locale":"fr_FR","og_type":"article","og_title":"Avis de non-responsabilit\u00e9 - Together Ottawa Ensemble","og_url":"https:\/\/togetherottawaensemble.ca\/fr\/avis-de-non-responsabilite\/","og_site_name":"Together Ottawa Ensemble","article_publisher":"https:\/\/www.facebook.com\/Togetherottawaensemble-106424122008194","article_modified_time":"2022-04-13T15:44:48+00:00","twitter_card":"summary_large_image","twitter_site":"@OttawaEnsemble","twitter_misc":{"Dur\u00e9e de lecture estim\u00e9e":"4 minutes"},"schema":{"@context":"https:\/\/schema.org","@graph":[{"@type":"WebPage","@id":"https:\/\/togetherottawaensemble.ca\/fr\/avis-de-non-responsabilite\/","url":"https:\/\/togetherottawaensemble.ca\/fr\/avis-de-non-responsabilite\/","name":"Avis de non-responsabilit\u00e9 - Together Ottawa Ensemble","isPartOf":{"@id":"https:\/\/togetherottawaensemble.ca\/fr\/#website"},"datePublished":"2022-04-07T20:30:07+00:00","dateModified":"2022-04-13T15:44:48+00:00","breadcrumb":{"@id":"https:\/\/togetherottawaensemble.ca\/fr\/avis-de-non-responsabilite\/#breadcrumb"},"inLanguage":"fr-FR","potentialAction":[{"@type":"ReadAction","target":["https:\/\/togetherottawaensemble.ca\/fr\/avis-de-non-responsabilite\/"]}]},{"@type":"BreadcrumbList","@id":"https:\/\/togetherottawaensemble.ca\/fr\/avis-de-non-responsabilite\/#breadcrumb","itemListElement":[{"@type":"ListItem","position":1,"name":"Home","item":"https:\/\/togetherottawaensemble.ca\/fr\/"},{"@type":"ListItem","position":2,"name":"Avis de non-responsabilit\u00e9"}]},{"@type":"WebSite","@id":"https:\/\/togetherottawaensemble.ca\/fr\/#website","url":"https:\/\/togetherottawaensemble.ca\/fr\/","name":"Together Ottawa Ensemble","description":"R\u00e9tablir nos liens communautaires","publisher":{"@id":"https:\/\/togetherottawaensemble.ca\/fr\/#organization"},"potentialAction":[{"@type":"SearchAction","target":{"@type":"EntryPoint","urlTemplate":"https:\/\/togetherottawaensemble.ca\/fr\/?s={search_term_string}"},"query-input":{"@type":"PropertyValueSpecification","valueRequired":true,"valueName":"search_term_string"}}],"inLanguage":"fr-FR"},{"@type":"Organization","@id":"https:\/\/togetherottawaensemble.ca\/fr\/#organization","name":"Together Ottawa Ensemble","url":"https:\/\/togetherottawaensemble.ca\/fr\/","logo":{"@type":"ImageObject","inLanguage":"fr-FR","@id":"https:\/\/togetherottawaensemble.ca\/fr\/#\/schema\/logo\/image\/","url":"https:\/\/togetherottawaensemble.ca\/wp-content\/uploads\/2022\/04\/Logo_TogetherOttawaEnsemble_RGB.jpg","contentUrl":"https:\/\/togetherottawaensemble.ca\/wp-content\/uploads\/2022\/04\/Logo_TogetherOttawaEnsemble_RGB.jpg","width":400,"height":200,"caption":"Together Ottawa Ensemble"},"image":{"@id":"https:\/\/togetherottawaensemble.ca\/fr\/#\/schema\/logo\/image\/"},"sameAs":["https:\/\/www.facebook.com\/Togetherottawaensemble-106424122008194","https:\/\/x.com\/OttawaEnsemble","https:\/\/www.instagram.com\/togetherottawaensemble\/"]}]}},"_links":{"self":[{"href":"https:\/\/togetherottawaensemble.ca\/fr\/wp-json\/wp\/v2\/pages\/544","targetHints":{"allow":["GET"]}}],"collection":[{"href":"https:\/\/togetherottawaensemble.ca\/fr\/wp-json\/wp\/v2\/pages"}],"about":[{"href":"https:\/\/togetherottawaensemble.ca\/fr\/wp-json\/wp\/v2\/types\/page"}],"author":[{"embeddable":true,"href":"https:\/\/togetherottawaensemble.ca\/fr\/wp-json\/wp\/v2\/users\/2"}],"replies":[{"embeddable":true,"href":"https:\/\/togetherottawaensemble.ca\/fr\/wp-json\/wp\/v2\/comments?post=544"}],"version-history":[{"count":2,"href":"https:\/\/togetherottawaensemble.ca\/fr\/wp-json\/wp\/v2\/pages\/544\/revisions"}],"predecessor-version":[{"id":592,"href":"https:\/\/togetherottawaensemble.ca\/fr\/wp-json\/wp\/v2\/pages\/544\/revisions\/592"}],"wp:attachment":[{"href":"https:\/\/togetherottawaensemble.ca\/fr\/wp-json\/wp\/v2\/media?parent=544"}],"curies":[{"name":"wp","href":"https:\/\/api.w.org\/{rel}","templated":true}]}}