{"id":551,"date":"2021-12-27T03:24:00","date_gmt":"2021-12-27T08:24:00","guid":{"rendered":"https:\/\/togetherottawaensemble.ca\/submit-an-event\/"},"modified":"2023-01-25T14:24:41","modified_gmt":"2023-01-25T19:24:41","slug":"soumettre-une-activite","status":"publish","type":"page","link":"https:\/\/togetherottawaensemble.ca\/fr\/soumettre-une-activite\/","title":{"rendered":"Soumettre une activit\u00e9"},"content":{"rendered":"<p><div class=\"fusion-fullwidth fullwidth-box fusion-builder-row-1 fusion-flex-container nonhundred-percent-fullwidth non-hundred-percent-height-scrolling\" style=\"background-color: var(--awb-custom_color_1);background-image:linear-gradient(259deg, rgba(0,0,0,0.34) 33%,rgba(255,255,255,0) 66%);background-position: center top;background-repeat: no-repeat;border-width: 0px 0px 0px 0px;border-color:var(--awb-color3);border-style:solid;\" ><div class=\"fusion-builder-row fusion-row fusion-flex-align-items-flex-end fusion-flex-justify-content-center\" style=\"max-width:1248px;margin-left: calc(-4% \/ 2 );margin-right: calc(-4% \/ 2 );\"><div class=\"fusion-layout-column fusion_builder_column fusion-builder-column-0 fusion_builder_column_1_1 1_1 fusion-flex-column\"><div class=\"fusion-column-wrapper fusion-flex-justify-content-flex-end fusion-content-layout-column\" style=\"background-position:left top;background-repeat:no-repeat;-webkit-background-size:cover;-moz-background-size:cover;-o-background-size:cover;background-size:cover;padding: 0px 0px 0px 0px;\"><style type=\"text\/css\">@media only screen and (max-width:1024px) {.fusion-title.fusion-title-1{margin-top:10px!important; margin-right:0px!important;margin-bottom:15px!important;margin-left:0px!important;}}@media only screen and (max-width:640px) {.fusion-title.fusion-title-1{margin-top:10px!important; margin-right:0px!important;margin-bottom:10px!important; margin-left:0px!important;}}<\/style><div class=\"fusion-title title fusion-title-1 fusion-sep-none fusion-title-text fusion-title-size-one fusion-animated\" style=\"margin-top:10px;margin-right:0px;margin-bottom:15px;margin-left:0px;\" data-animationType=\"fadeIn\" data-animationDuration=\"0.3\" data-animationOffset=\"top-into-view\"><h1 class=\"title-heading-left\" style=\"margin:0;color:var(--awb-color1);\">Soumettre une activit\u00e9<\/h1><\/div><\/div><style type=\"text\/css\">.fusion-body .fusion-builder-column-0{width:100% !important;margin-top : 0px;margin-bottom : 20px;}.fusion-builder-column-0 > .fusion-column-wrapper {padding-top : 0px !important;padding-right : 0px !important;margin-right : 1.92%;padding-bottom : 0px !important;padding-left : 0px !important;margin-left : 1.92%;}@media only screen and (max-width:1024px) {.fusion-body .fusion-builder-column-0{width:100% !important;order : 0;}.fusion-builder-column-0 > .fusion-column-wrapper {margin-right : 1.92%;margin-left : 1.92%;}}@media only screen and (max-width:640px) {.fusion-body .fusion-builder-column-0{width:100% !important;order : 0;}.fusion-builder-column-0 > .fusion-column-wrapper {margin-right : 1.92%;margin-left : 1.92%;}}<\/style><\/div><\/div><style type=\"text\/css\">.fusion-body .fusion-flex-container.fusion-builder-row-1{ padding-top : 20px;margin-top : 0;padding-right : 0px;padding-bottom : 0px;margin-bottom : 60px;padding-left : 0px;}<\/style><\/div>\n<div class=\"fusion-fullwidth fullwidth-box fusion-builder-row-2 fusion-flex-container has-pattern-background has-mask-background nonhundred-percent-fullwidth non-hundred-percent-height-scrolling\" style=\"background-color: rgba(255,255,255,0);background-position: center center;background-repeat: no-repeat;border-width: 0px 0px 0px 0px;border-color:var(--awb-color3);border-style:solid;\" ><div class=\"fusion-builder-row fusion-row fusion-flex-align-items-flex-start\" style=\"max-width:1248px;margin-left: calc(-4% \/ 2 );margin-right: calc(-4% \/ 2 );\"><div class=\"fusion-layout-column fusion_builder_column fusion-builder-column-1 fusion_builder_column_1_1 1_1 fusion-flex-column\"><div class=\"fusion-column-wrapper fusion-flex-justify-content-flex-start fusion-content-layout-column\" style=\"background-position:left top;background-repeat:no-repeat;-webkit-background-size:cover;-moz-background-size:cover;-o-background-size:cover;background-size:cover;padding: 0px 0px 0px 0px;\"><style type=\"text\/css\">@media only screen and (max-width:1024px) {.fusion-title.fusion-title-2{margin-top:10px!important; margin-right:0px!important;margin-bottom:15px!important;margin-left:0px!important;}}@media only screen and (max-width:640px) {.fusion-title.fusion-title-2{margin-top:10px!important; margin-right:0px!important;margin-bottom:10px!important; margin-left:0px!important;}}<\/style><div class=\"fusion-title title fusion-title-2 fusion-sep-none fusion-title-text fusion-title-size-one\" style=\"margin-top:10px;margin-right:0px;margin-bottom:15px;margin-left:0px;\"><h1 class=\"title-heading-left\" style=\"margin:0;\">Le projet Together Ottawa Ensemble est termin\u00e9 pour l&rsquo;ann\u00e9e et n&rsquo;accepte plus de nouvelles soumissions. Gardez un \u0153il sur notre site Web pour des mises \u00e0 jour sur la poursuite de ce projet \u00e0 l&rsquo;avenir. Merci \u00e0 tous ceux qui ont particip\u00e9 !<\/h1><\/div><\/div><style type=\"text\/css\">.fusion-body .fusion-builder-column-1{width:100% !important;order : 0;margin-top : 0px;margin-bottom : 20px;}.fusion-builder-column-1 > .fusion-column-wrapper {padding-top : 0px !important;padding-right : 0px !important;margin-right : 1.92%;padding-bottom : 0px !important;padding-left : 0px !important;margin-left : 1.92%;}@media only screen and (max-width:1024px) {.fusion-body .fusion-builder-column-1{width:100% !important;order : 0;}.fusion-builder-column-1 > .fusion-column-wrapper {margin-right : 1.92%;margin-left : 1.92%;}}@media only screen and (max-width:640px) {.fusion-body .fusion-builder-column-1{width:100% !important;order : 0;}.fusion-builder-column-1 > .fusion-column-wrapper {margin-right : 1.92%;margin-left : 1.92%;}}<\/style><\/div><\/div><style type=\"text\/css\">.fusion-body .fusion-flex-container.fusion-builder-row-2{ padding-top : 0px;margin-top : 0px;padding-right : 0px;padding-bottom : 0px;margin-bottom : 0px;padding-left : 0px;}<\/style><\/div><\/p>\n","protected":false},"excerpt":{"rendered":"","protected":false},"author":2,"featured_media":0,"parent":0,"menu_order":0,"comment_status":"closed","ping_status":"closed","template":"100-width.php","meta":{"footnotes":""},"class_list":["post-551","page","type-page","status-publish","hentry"],"acf":[],"yoast_head":"<!-- This site is optimized with the Yoast SEO plugin v27.4 - https:\/\/yoast.com\/product\/yoast-seo-wordpress\/ -->\n<title>Soumettre une activit\u00e9 - Together Ottawa Ensemble<\/title>\n<meta name=\"robots\" content=\"index, follow, max-snippet:-1, max-image-preview:large, max-video-preview:-1\" \/>\n<link rel=\"canonical\" href=\"https:\/\/togetherottawaensemble.ca\/fr\/soumettre-une-activite\/\" \/>\n<meta property=\"og:locale\" content=\"fr_FR\" \/>\n<meta property=\"og:type\" content=\"article\" \/>\n<meta property=\"og:title\" content=\"Soumettre une activit\u00e9 - Together Ottawa Ensemble\" \/>\n<meta property=\"og:url\" content=\"https:\/\/togetherottawaensemble.ca\/fr\/soumettre-une-activite\/\" \/>\n<meta property=\"og:site_name\" content=\"Together Ottawa Ensemble\" \/>\n<meta property=\"article:publisher\" content=\"https:\/\/www.facebook.com\/Togetherottawaensemble-106424122008194\" \/>\n<meta property=\"article:modified_time\" content=\"2023-01-25T19:24:41+00:00\" \/>\n<meta name=\"twitter:card\" content=\"summary_large_image\" \/>\n<meta name=\"twitter:site\" content=\"@OttawaEnsemble\" \/>\n<meta name=\"twitter:label1\" content=\"Dur\u00e9e de lecture estim\u00e9e\" \/>\n\t<meta name=\"twitter:data1\" content=\"3 minutes\" \/>\n<script type=\"application\/ld+json\" class=\"yoast-schema-graph\">{\"@context\":\"https:\\\/\\\/schema.org\",\"@graph\":[{\"@type\":\"WebPage\",\"@id\":\"https:\\\/\\\/togetherottawaensemble.ca\\\/fr\\\/soumettre-une-activite\\\/\",\"url\":\"https:\\\/\\\/togetherottawaensemble.ca\\\/fr\\\/soumettre-une-activite\\\/\",\"name\":\"Soumettre une activit\u00e9 - Together Ottawa Ensemble\",\"isPartOf\":{\"@id\":\"https:\\\/\\\/togetherottawaensemble.ca\\\/fr\\\/#website\"},\"datePublished\":\"2021-12-27T08:24:00+00:00\",\"dateModified\":\"2023-01-25T19:24:41+00:00\",\"breadcrumb\":{\"@id\":\"https:\\\/\\\/togetherottawaensemble.ca\\\/fr\\\/soumettre-une-activite\\\/#breadcrumb\"},\"inLanguage\":\"fr-FR\",\"potentialAction\":[{\"@type\":\"ReadAction\",\"target\":[\"https:\\\/\\\/togetherottawaensemble.ca\\\/fr\\\/soumettre-une-activite\\\/\"]}]},{\"@type\":\"BreadcrumbList\",\"@id\":\"https:\\\/\\\/togetherottawaensemble.ca\\\/fr\\\/soumettre-une-activite\\\/#breadcrumb\",\"itemListElement\":[{\"@type\":\"ListItem\",\"position\":1,\"name\":\"Home\",\"item\":\"https:\\\/\\\/togetherottawaensemble.ca\\\/fr\\\/\"},{\"@type\":\"ListItem\",\"position\":2,\"name\":\"Soumettre une activit\u00e9\"}]},{\"@type\":\"WebSite\",\"@id\":\"https:\\\/\\\/togetherottawaensemble.ca\\\/fr\\\/#website\",\"url\":\"https:\\\/\\\/togetherottawaensemble.ca\\\/fr\\\/\",\"name\":\"Together Ottawa Ensemble\",\"description\":\"R\u00e9tablir nos liens communautaires\",\"publisher\":{\"@id\":\"https:\\\/\\\/togetherottawaensemble.ca\\\/fr\\\/#organization\"},\"potentialAction\":[{\"@type\":\"SearchAction\",\"target\":{\"@type\":\"EntryPoint\",\"urlTemplate\":\"https:\\\/\\\/togetherottawaensemble.ca\\\/fr\\\/?s={search_term_string}\"},\"query-input\":{\"@type\":\"PropertyValueSpecification\",\"valueRequired\":true,\"valueName\":\"search_term_string\"}}],\"inLanguage\":\"fr-FR\"},{\"@type\":\"Organization\",\"@id\":\"https:\\\/\\\/togetherottawaensemble.ca\\\/fr\\\/#organization\",\"name\":\"Together Ottawa Ensemble\",\"url\":\"https:\\\/\\\/togetherottawaensemble.ca\\\/fr\\\/\",\"logo\":{\"@type\":\"ImageObject\",\"inLanguage\":\"fr-FR\",\"@id\":\"https:\\\/\\\/togetherottawaensemble.ca\\\/fr\\\/#\\\/schema\\\/logo\\\/image\\\/\",\"url\":\"https:\\\/\\\/togetherottawaensemble.ca\\\/wp-content\\\/uploads\\\/2022\\\/04\\\/Logo_TogetherOttawaEnsemble_RGB.jpg\",\"contentUrl\":\"https:\\\/\\\/togetherottawaensemble.ca\\\/wp-content\\\/uploads\\\/2022\\\/04\\\/Logo_TogetherOttawaEnsemble_RGB.jpg\",\"width\":400,\"height\":200,\"caption\":\"Together Ottawa Ensemble\"},\"image\":{\"@id\":\"https:\\\/\\\/togetherottawaensemble.ca\\\/fr\\\/#\\\/schema\\\/logo\\\/image\\\/\"},\"sameAs\":[\"https:\\\/\\\/www.facebook.com\\\/Togetherottawaensemble-106424122008194\",\"https:\\\/\\\/x.com\\\/OttawaEnsemble\",\"https:\\\/\\\/www.instagram.com\\\/togetherottawaensemble\\\/\"]}]}<\/script>\n<!-- \/ Yoast SEO plugin. -->","yoast_head_json":{"title":"Soumettre une activit\u00e9 - Together Ottawa Ensemble","robots":{"index":"index","follow":"follow","max-snippet":"max-snippet:-1","max-image-preview":"max-image-preview:large","max-video-preview":"max-video-preview:-1"},"canonical":"https:\/\/togetherottawaensemble.ca\/fr\/soumettre-une-activite\/","og_locale":"fr_FR","og_type":"article","og_title":"Soumettre une activit\u00e9 - Together Ottawa Ensemble","og_url":"https:\/\/togetherottawaensemble.ca\/fr\/soumettre-une-activite\/","og_site_name":"Together Ottawa Ensemble","article_publisher":"https:\/\/www.facebook.com\/Togetherottawaensemble-106424122008194","article_modified_time":"2023-01-25T19:24:41+00:00","twitter_card":"summary_large_image","twitter_site":"@OttawaEnsemble","twitter_misc":{"Dur\u00e9e de lecture estim\u00e9e":"3 minutes"},"schema":{"@context":"https:\/\/schema.org","@graph":[{"@type":"WebPage","@id":"https:\/\/togetherottawaensemble.ca\/fr\/soumettre-une-activite\/","url":"https:\/\/togetherottawaensemble.ca\/fr\/soumettre-une-activite\/","name":"Soumettre une activit\u00e9 - Together Ottawa Ensemble","isPartOf":{"@id":"https:\/\/togetherottawaensemble.ca\/fr\/#website"},"datePublished":"2021-12-27T08:24:00+00:00","dateModified":"2023-01-25T19:24:41+00:00","breadcrumb":{"@id":"https:\/\/togetherottawaensemble.ca\/fr\/soumettre-une-activite\/#breadcrumb"},"inLanguage":"fr-FR","potentialAction":[{"@type":"ReadAction","target":["https:\/\/togetherottawaensemble.ca\/fr\/soumettre-une-activite\/"]}]},{"@type":"BreadcrumbList","@id":"https:\/\/togetherottawaensemble.ca\/fr\/soumettre-une-activite\/#breadcrumb","itemListElement":[{"@type":"ListItem","position":1,"name":"Home","item":"https:\/\/togetherottawaensemble.ca\/fr\/"},{"@type":"ListItem","position":2,"name":"Soumettre une activit\u00e9"}]},{"@type":"WebSite","@id":"https:\/\/togetherottawaensemble.ca\/fr\/#website","url":"https:\/\/togetherottawaensemble.ca\/fr\/","name":"Together Ottawa Ensemble","description":"R\u00e9tablir nos liens communautaires","publisher":{"@id":"https:\/\/togetherottawaensemble.ca\/fr\/#organization"},"potentialAction":[{"@type":"SearchAction","target":{"@type":"EntryPoint","urlTemplate":"https:\/\/togetherottawaensemble.ca\/fr\/?s={search_term_string}"},"query-input":{"@type":"PropertyValueSpecification","valueRequired":true,"valueName":"search_term_string"}}],"inLanguage":"fr-FR"},{"@type":"Organization","@id":"https:\/\/togetherottawaensemble.ca\/fr\/#organization","name":"Together Ottawa Ensemble","url":"https:\/\/togetherottawaensemble.ca\/fr\/","logo":{"@type":"ImageObject","inLanguage":"fr-FR","@id":"https:\/\/togetherottawaensemble.ca\/fr\/#\/schema\/logo\/image\/","url":"https:\/\/togetherottawaensemble.ca\/wp-content\/uploads\/2022\/04\/Logo_TogetherOttawaEnsemble_RGB.jpg","contentUrl":"https:\/\/togetherottawaensemble.ca\/wp-content\/uploads\/2022\/04\/Logo_TogetherOttawaEnsemble_RGB.jpg","width":400,"height":200,"caption":"Together Ottawa Ensemble"},"image":{"@id":"https:\/\/togetherottawaensemble.ca\/fr\/#\/schema\/logo\/image\/"},"sameAs":["https:\/\/www.facebook.com\/Togetherottawaensemble-106424122008194","https:\/\/x.com\/OttawaEnsemble","https:\/\/www.instagram.com\/togetherottawaensemble\/"]}]}},"_links":{"self":[{"href":"https:\/\/togetherottawaensemble.ca\/fr\/wp-json\/wp\/v2\/pages\/551","targetHints":{"allow":["GET"]}}],"collection":[{"href":"https:\/\/togetherottawaensemble.ca\/fr\/wp-json\/wp\/v2\/pages"}],"about":[{"href":"https:\/\/togetherottawaensemble.ca\/fr\/wp-json\/wp\/v2\/types\/page"}],"author":[{"embeddable":true,"href":"https:\/\/togetherottawaensemble.ca\/fr\/wp-json\/wp\/v2\/users\/2"}],"replies":[{"embeddable":true,"href":"https:\/\/togetherottawaensemble.ca\/fr\/wp-json\/wp\/v2\/comments?post=551"}],"version-history":[{"count":5,"href":"https:\/\/togetherottawaensemble.ca\/fr\/wp-json\/wp\/v2\/pages\/551\/revisions"}],"predecessor-version":[{"id":1221,"href":"https:\/\/togetherottawaensemble.ca\/fr\/wp-json\/wp\/v2\/pages\/551\/revisions\/1221"}],"wp:attachment":[{"href":"https:\/\/togetherottawaensemble.ca\/fr\/wp-json\/wp\/v2\/media?parent=551"}],"curies":[{"name":"wp","href":"https:\/\/api.w.org\/{rel}","templated":true}]}}